{"id":3809,"date":"2024-05-30T12:12:42","date_gmt":"2024-05-30T12:12:42","guid":{"rendered":"https:\/\/heavenmedia.com\/?page_id=3809"},"modified":"2026-03-22T02:07:34","modified_gmt":"2026-03-22T02:07:34","slug":"contact-general","status":"publish","type":"page","link":"https:\/\/heavenmedia.com\/fr\/contact-general\/","title":{"rendered":"Contact Demande g\u00e9n\u00e9rale"},"content":{"rendered":"<div data-elementor-type=\"wp-page\" data-elementor-id=\"3809\" class=\"elementor elementor-3809\" data-elementor-post-type=\"page\">\n\t\t\t\t<div class=\"elementor-element elementor-element-99670f6 e-flex e-con-boxed e-con e-parent\" data-id=\"99670f6\" data-element_type=\"container\" data-e-type=\"container\" data-settings=\"{&quot;background_background&quot;:&quot;classic&quot;}\">\n\t\t\t\t\t<div class=\"e-con-inner\">\n\t\t<div class=\"elementor-element elementor-element-770c6dd e-con-full e-flex e-con e-child\" data-id=\"770c6dd\" data-element_type=\"container\" data-e-type=\"container\">\n\t\t\t\t<div class=\"elementor-element elementor-element-79f00f2 elementor-widget elementor-widget-heading\" data-id=\"79f00f2\" data-element_type=\"widget\" data-e-type=\"widget\" data-widget_type=\"heading.default\">\n\t\t\t\t<div class=\"elementor-widget-container\">\n\t\t\t\t\t<h1 class=\"elementor-heading-title elementor-size-default\">Renseignements g\u00e9n\u00e9raux.<\/h1>\t\t\t\t<\/div>\n\t\t\t\t<\/div>\n\t\t\t\t<div class=\"elementor-element elementor-element-eced2c9 elementor-widget elementor-widget-heading\" data-id=\"eced2c9\" data-element_type=\"widget\" data-e-type=\"widget\" data-widget_type=\"heading.default\">\n\t\t\t\t<div class=\"elementor-widget-container\">\n\t\t\t\t\t<h2 class=\"elementor-heading-title elementor-size-default\">Prenez contact avec notre \u00e9quipe.<\/h2>\t\t\t\t<\/div>\n\t\t\t\t<\/div>\n\t\t\t\t<\/div>\n\t\t\t\t\t<\/div>\n\t\t\t\t<\/div>\n\t\t<div class=\"elementor-element elementor-element-aaef887 e-flex e-con-boxed e-con e-parent\" data-id=\"aaef887\" data-element_type=\"container\" data-e-type=\"container\" data-settings=\"{&quot;background_background&quot;:&quot;classic&quot;}\">\n\t\t\t\t\t<div class=\"e-con-inner\">\n\t\t<div class=\"elementor-element elementor-element-7e14f3c e-con-full e-flex e-con e-child\" data-id=\"7e14f3c\" data-element_type=\"container\" data-e-type=\"container\">\n\t\t\t\t<div class=\"elementor-element elementor-element-29cf615 elementor-widget elementor-widget-heading\" data-id=\"29cf615\" data-element_type=\"widget\" data-e-type=\"widget\" data-widget_type=\"heading.default\">\n\t\t\t\t<div class=\"elementor-widget-container\">\n\t\t\t\t\t<h2 class=\"elementor-heading-title elementor-size-default\">En savoir plus sur Heaven Media.<\/h2>\t\t\t\t<\/div>\n\t\t\t\t<\/div>\n\t\t\t\t<div class=\"elementor-element elementor-element-39f118d elementor-widget elementor-widget-spacer\" data-id=\"39f118d\" data-element_type=\"widget\" data-e-type=\"widget\" data-widget_type=\"spacer.default\">\n\t\t\t\t<div class=\"elementor-widget-container\">\n\t\t\t\t\t\t\t<div class=\"elementor-spacer\">\n\t\t\t<div class=\"elementor-spacer-inner\"><\/div>\n\t\t<\/div>\n\t\t\t\t\t\t<\/div>\n\t\t\t\t<\/div>\n\t\t\t\t<div class=\"elementor-element elementor-element-55cacb8 elementor-widget elementor-widget-text-editor\" data-id=\"55cacb8\" data-element_type=\"widget\" data-e-type=\"widget\" data-widget_type=\"text-editor.default\">\n\t\t\t\t<div class=\"elementor-widget-container\">\n\t\t\t\t\t\t\t\t\t<p><strong>Notre \u00e9quipe peut vous aider :<\/strong><\/p><ul><li>Questions g\u00e9n\u00e9rales.<\/li><li>Demandes de renseignements du fournisseur.<\/li><li>Informations pour la presse.<\/li><li>Rejoindre l'\u00e9quipe.<\/li><\/ul>\t\t\t\t\t\t\t\t<\/div>\n\t\t\t\t<\/div>\n\t\t\t\t<div class=\"elementor-element elementor-element-1222917 elementor-widget elementor-widget-text-editor\" data-id=\"1222917\" data-element_type=\"widget\" data-e-type=\"widget\" data-widget_type=\"text-editor.default\">\n\t\t\t\t<div class=\"elementor-widget-container\">\n\t\t\t\t\t\t\t\t\t<p>Vous travaillez dans une entreprise qui a besoin de l'aide de nos \u00e9quipes pour une campagne de marketing ? Envoyez-nous un projet ici :<\/p>\t\t\t\t\t\t\t\t<\/div>\n\t\t\t\t<\/div>\n\t\t\t\t<div class=\"elementor-element elementor-element-b2c0267 elementor-widget elementor-widget-button\" data-id=\"b2c0267\" data-element_type=\"widget\" data-e-type=\"widget\" data-widget_type=\"button.default\">\n\t\t\t\t<div class=\"elementor-widget-container\">\n\t\t\t\t\t\t\t\t\t<div class=\"elementor-button-wrapper\">\n\t\t\t\t\t<a class=\"elementor-button elementor-button-link elementor-size-sm\" href=\"https:\/\/heavenmedia.com\/fr\/contact\/\">\n\t\t\t\t\t\t<span class=\"elementor-button-content-wrapper\">\n\t\t\t\t\t\t\t\t\t<span class=\"elementor-button-text\">Nous informer<\/span>\n\t\t\t\t\t<\/span>\n\t\t\t\t\t<\/a>\n\t\t\t\t<\/div>\n\t\t\t\t\t\t\t\t<\/div>\n\t\t\t\t<\/div>\n\t\t\t\t<\/div>\n\t\t<div class=\"elementor-element elementor-element-239b430 e-con-full e-flex e-con e-child\" data-id=\"239b430\" data-element_type=\"container\" data-e-type=\"container\">\n\t\t\t\t<div class=\"elementor-element elementor-element-15cecd4 elementor-widget elementor-widget-html\" data-id=\"15cecd4\" data-element_type=\"widget\" data-e-type=\"widget\" data-widget_type=\"html.default\">\n\t\t\t\t<div class=\"elementor-widget-container\">\n\t\t\t\t\t<script charset=\"utf-8\" type=\"text\/javascript\" src=\"\/\/js-eu1.hsforms.net\/forms\/embed\/v2.js\"><\/script>\r\n<script>\r\n  hbspt.forms.create({\r\n    portalId: \"144719495\",\r\n    formId: \"f6102757-7085-43cf-8963-5492c29df924\"\r\n  });\r\n<\/script>\t\t\t\t<\/div>\n\t\t\t\t<\/div>\n\t\t\t\t<\/div>\n\t\t\t\t\t<\/div>\n\t\t\t\t<\/div>\n\t\t\t\t<\/div>","protected":false},"excerpt":{"rendered":"<p>Questions g\u00e9n\u00e9rales. Prenez contact avec notre \u00e9quipe. En savoir plus sur Heaven Media. Notre \u00e9quipe peut vous aider : Questions g\u00e9n\u00e9rales. Demandes de renseignements sur les fournisseurs. Informations pour la presse. Rejoindre l'\u00e9quipe. Vous travaillez dans une entreprise qui a besoin de l'aide de notre \u00e9quipe pour une campagne de marketing ? Envoyez-nous un projet ici : Nous envoyer un briefing<\/p>","protected":false},"author":1,"featured_media":0,"parent":0,"menu_order":0,"comment_status":"closed","ping_status":"closed","template":"","meta":{"site-sidebar-layout":"no-sidebar","site-content-layout":"page-builder","ast-site-content-layout":"full-width-container","site-content-style":"default","site-sidebar-style":"default","ast-global-header-display":"","ast-banner-title-visibility":"","ast-main-header-display":"","ast-hfb-above-header-display":"","ast-hfb-below-header-display":"","ast-hfb-mobile-header-display":"","site-post-title":"disabled","ast-breadcrumbs-content":"","ast-featured-img":"disabled","footer-sml-layout":"","ast-disable-related-posts":"","theme-transparent-header-meta":"","adv-header-id-meta":"","stick-header-meta":"","header-above-stick-meta":"","header-main-stick-meta":"","header-below-stick-meta":"","astra-migrate-meta-layouts":"set","ast-page-background-enabled":"default","ast-page-background-meta":{"desktop":{"background-color":"var(--ast-global-color-4)","background-image":"","background-repeat":"repeat","background-position":"center center","background-size":"auto","background-attachment":"scroll","background-type":"","background-media":"","overlay-type":"","overlay-color":"","overlay-opacity":"","overlay-gradient":""},"tablet":{"background-color":"","background-image":"","background-repeat":"repeat","background-position":"center center","background-size":"auto","background-attachment":"scroll","background-type":"","background-media":"","overlay-type":"","overlay-color":"","overlay-opacity":"","overlay-gradient":""},"mobile":{"background-color":"","background-image":"","background-repeat":"repeat","background-position":"center center","background-size":"auto","background-attachment":"scroll","background-type":"","background-media":"","overlay-type":"","overlay-color":"","overlay-opacity":"","overlay-gradient":""}},"ast-content-background-meta":{"desktop":{"background-color":"var(--ast-global-color-5)","background-image":"","background-repeat":"repeat","background-position":"center center","background-size":"auto","background-attachment":"scroll","background-type":"","background-media":"","overlay-type":"","overlay-color":"","overlay-opacity":"","overlay-gradient":""},"tablet":{"background-color":"var(--ast-global-color-5)","background-image":"","background-repeat":"repeat","background-position":"center center","background-size":"auto","background-attachment":"scroll","background-type":"","background-media":"","overlay-type":"","overlay-color":"","overlay-opacity":"","overlay-gradient":""},"mobile":{"background-color":"var(--ast-global-color-5)","background-image":"","background-repeat":"repeat","background-position":"center center","background-size":"auto","background-attachment":"scroll","background-type":"","background-media":"","overlay-type":"","overlay-color":"","overlay-opacity":"","overlay-gradient":""}},"two_page_speed":{"current_score":{"desktop_score":99,"desktop_tti":"0.7\u00a0","mobile_score":93,"mobile_tti":"2.9\u00a0","date":"22.03.2026 02:08:08 am","status":"completed"}},"footnotes":""},"class_list":["post-3809","page","type-page","status-publish","hentry"],"yoast_head":"<!-- This site is optimized with the Yoast SEO Premium plugin v27.2 (Yoast SEO v27.2) - https:\/\/yoast.com\/product\/yoast-seo-premium-wordpress\/ -->\n<title>Contact General Inquiry - Heaven Media<\/title>\n<meta name=\"robots\" content=\"index, follow, max-snippet:-1, max-image-preview:large, max-video-preview:-1\" \/>\n<link rel=\"canonical\" href=\"https:\/\/heavenmedia.com\/fr\/contact-general\/\" \/>\n<meta property=\"og:locale\" content=\"fr_FR\" \/>\n<meta property=\"og:type\" content=\"article\" \/>\n<meta property=\"og:title\" content=\"Contact General Inquiry\" \/>\n<meta property=\"og:description\" content=\"General Inquiries. Get in contact with our team. Learn More About Heaven Media. Our team can help you with: General Questions. Supplier Inquiries. Press Information. Joining the Team. Do you work at a company that needs our teams help on a marketing campaign instead? Send us a project brief here: Brief Us\" \/>\n<meta property=\"og:url\" content=\"https:\/\/heavenmedia.com\/fr\/contact-general\/\" \/>\n<meta property=\"og:site_name\" content=\"Heaven Media\" \/>\n<meta property=\"article:modified_time\" content=\"2026-03-22T02:07:34+00:00\" \/>\n<meta name=\"twitter:card\" content=\"summary_large_image\" \/>\n<meta name=\"twitter:site\" content=\"@heavenmedia\" \/>\n<meta name=\"twitter:label1\" content=\"Dur\u00e9e de lecture estim\u00e9e\" \/>\n\t<meta name=\"twitter:data1\" content=\"1 minute\" \/>\n<script type=\"application\/ld+json\" class=\"yoast-schema-graph\">{\"@context\":\"https:\/\/schema.org\",\"@graph\":[{\"@type\":\"WebPage\",\"@id\":\"https:\/\/heavenmedia.com\/contact-general\/\",\"url\":\"https:\/\/heavenmedia.com\/contact-general\/\",\"name\":\"Contact General Inquiry - Heaven Media\",\"isPartOf\":{\"@id\":\"https:\/\/heavenmedia.com\/#website\"},\"datePublished\":\"2024-05-30T12:12:42+00:00\",\"dateModified\":\"2026-03-22T02:07:34+00:00\",\"breadcrumb\":{\"@id\":\"https:\/\/heavenmedia.com\/contact-general\/#breadcrumb\"},\"inLanguage\":\"fr-FR\",\"potentialAction\":[{\"@type\":\"ReadAction\",\"target\":[\"https:\/\/heavenmedia.com\/contact-general\/\"]}]},{\"@type\":\"BreadcrumbList\",\"@id\":\"https:\/\/heavenmedia.com\/contact-general\/#breadcrumb\",\"itemListElement\":[{\"@type\":\"ListItem\",\"position\":1,\"name\":\"Home\",\"item\":\"https:\/\/heavenmedia.com\/\"},{\"@type\":\"ListItem\",\"position\":2,\"name\":\"Contact General Inquiry\"}]},{\"@type\":\"WebSite\",\"@id\":\"https:\/\/heavenmedia.com\/#website\",\"url\":\"https:\/\/heavenmedia.com\/\",\"name\":\"Heaven Media\",\"description\":\"The Video Game &amp; Tech Marketing Agency | Games, Consumer Tech &amp; Commercial Tech Marketing\",\"publisher\":{\"@id\":\"https:\/\/heavenmedia.com\/#organization\"},\"potentialAction\":[{\"@type\":\"SearchAction\",\"target\":{\"@type\":\"EntryPoint\",\"urlTemplate\":\"https:\/\/heavenmedia.com\/?s={search_term_string}\"},\"query-input\":{\"@type\":\"PropertyValueSpecification\",\"valueRequired\":true,\"valueName\":\"search_term_string\"}}],\"inLanguage\":\"fr-FR\"},{\"@type\":\"Organization\",\"@id\":\"https:\/\/heavenmedia.com\/#organization\",\"name\":\"Heaven Media\",\"alternateName\":\"Heaven\",\"url\":\"https:\/\/heavenmedia.com\/\",\"logo\":{\"@type\":\"ImageObject\",\"inLanguage\":\"fr-FR\",\"@id\":\"https:\/\/heavenmedia.com\/#\/schema\/logo\/image\/\",\"url\":\"https:\/\/heavenmedia.com\/wp-content\/uploads\/2025\/04\/Heaven-Logomark-Orange_Beieg.png\",\"contentUrl\":\"https:\/\/heavenmedia.com\/wp-content\/uploads\/2025\/04\/Heaven-Logomark-Orange_Beieg.png\",\"width\":513,\"height\":512,\"caption\":\"Heaven Media\"},\"image\":{\"@id\":\"https:\/\/heavenmedia.com\/#\/schema\/logo\/image\/\"},\"sameAs\":[\"https:\/\/x.com\/heavenmedia\"],\"description\":\"Heaven is the marketing and creative agency that specializes in the video game and tech industries. We connect world-leading brands in technology and gaming with new audiences globally.\",\"legalName\":\"Heaven Media\",\"numberOfEmployees\":{\"@type\":\"QuantitativeValue\",\"minValue\":\"51\",\"maxValue\":\"200\"}}]}<\/script>\n<!-- \/ Yoast SEO Premium plugin. -->","yoast_head_json":{"title":"Contact Renseignements g\u00e9n\u00e9raux - Heaven Media","robots":{"index":"index","follow":"follow","max-snippet":"max-snippet:-1","max-image-preview":"max-image-preview:large","max-video-preview":"max-video-preview:-1"},"canonical":"https:\/\/heavenmedia.com\/fr\/contact-general\/","og_locale":"fr_FR","og_type":"article","og_title":"Contact General Inquiry","og_description":"General Inquiries. Get in contact with our team. Learn More About Heaven Media. Our team can help you with: General Questions. Supplier Inquiries. Press Information. Joining the Team. Do you work at a company that needs our teams help on a marketing campaign instead? Send us a project brief here: Brief Us","og_url":"https:\/\/heavenmedia.com\/fr\/contact-general\/","og_site_name":"Heaven Media","article_modified_time":"2026-03-22T02:07:34+00:00","twitter_card":"summary_large_image","twitter_site":"@heavenmedia","twitter_misc":{"Dur\u00e9e de lecture estim\u00e9e":"1 minute"},"schema":{"@context":"https:\/\/schema.org","@graph":[{"@type":"WebPage","@id":"https:\/\/heavenmedia.com\/contact-general\/","url":"https:\/\/heavenmedia.com\/contact-general\/","name":"Contact Renseignements g\u00e9n\u00e9raux - Heaven Media","isPartOf":{"@id":"https:\/\/heavenmedia.com\/#website"},"datePublished":"2024-05-30T12:12:42+00:00","dateModified":"2026-03-22T02:07:34+00:00","breadcrumb":{"@id":"https:\/\/heavenmedia.com\/contact-general\/#breadcrumb"},"inLanguage":"fr-FR","potentialAction":[{"@type":"ReadAction","target":["https:\/\/heavenmedia.com\/contact-general\/"]}]},{"@type":"BreadcrumbList","@id":"https:\/\/heavenmedia.com\/contact-general\/#breadcrumb","itemListElement":[{"@type":"ListItem","position":1,"name":"Home","item":"https:\/\/heavenmedia.com\/"},{"@type":"ListItem","position":2,"name":"Contact General Inquiry"}]},{"@type":"WebSite","@id":"https:\/\/heavenmedia.com\/#website","url":"https:\/\/heavenmedia.com\/","name":"Heaven Media","description":"The Video Game &amp; Tech Marketing Agency | Jeux, Consumer Tech &amp; Commercial Tech Marketing","publisher":{"@id":"https:\/\/heavenmedia.com\/#organization"},"potentialAction":[{"@type":"SearchAction","target":{"@type":"EntryPoint","urlTemplate":"https:\/\/heavenmedia.com\/?s={search_term_string}"},"query-input":{"@type":"PropertyValueSpecification","valueRequired":true,"valueName":"search_term_string"}}],"inLanguage":"fr-FR"},{"@type":"Organization","@id":"https:\/\/heavenmedia.com\/#organization","name":"Heaven Media","alternateName":"Heaven","url":"https:\/\/heavenmedia.com\/","logo":{"@type":"ImageObject","inLanguage":"fr-FR","@id":"https:\/\/heavenmedia.com\/#\/schema\/logo\/image\/","url":"https:\/\/heavenmedia.com\/wp-content\/uploads\/2025\/04\/Heaven-Logomark-Orange_Beieg.png","contentUrl":"https:\/\/heavenmedia.com\/wp-content\/uploads\/2025\/04\/Heaven-Logomark-Orange_Beieg.png","width":513,"height":512,"caption":"Heaven Media"},"image":{"@id":"https:\/\/heavenmedia.com\/#\/schema\/logo\/image\/"},"sameAs":["https:\/\/x.com\/heavenmedia"],"description":"Heaven est une agence de marketing et de cr\u00e9ation sp\u00e9cialis\u00e9e dans les secteurs des jeux vid\u00e9o et de la technologie. Nous mettons en relation des marques de premier plan dans le domaine de la technologie et des jeux vid\u00e9o avec de nouveaux publics dans le monde entier.","legalName":"Heaven Media","numberOfEmployees":{"@type":"QuantitativeValue","minValue":"51","maxValue":"200"}}]}},"_links":{"self":[{"href":"https:\/\/heavenmedia.com\/fr\/wp-json\/wp\/v2\/pages\/3809","targetHints":{"allow":["GET"]}}],"collection":[{"href":"https:\/\/heavenmedia.com\/fr\/wp-json\/wp\/v2\/pages"}],"about":[{"href":"https:\/\/heavenmedia.com\/fr\/wp-json\/wp\/v2\/types\/page"}],"author":[{"embeddable":true,"href":"https:\/\/heavenmedia.com\/fr\/wp-json\/wp\/v2\/users\/1"}],"replies":[{"embeddable":true,"href":"https:\/\/heavenmedia.com\/fr\/wp-json\/wp\/v2\/comments?post=3809"}],"version-history":[{"count":1,"href":"https:\/\/heavenmedia.com\/fr\/wp-json\/wp\/v2\/pages\/3809\/revisions"}],"predecessor-version":[{"id":6493,"href":"https:\/\/heavenmedia.com\/fr\/wp-json\/wp\/v2\/pages\/3809\/revisions\/6493"}],"wp:attachment":[{"href":"https:\/\/heavenmedia.com\/fr\/wp-json\/wp\/v2\/media?parent=3809"}],"curies":[{"name":"wp","href":"https:\/\/api.w.org\/{rel}","templated":true}]}}